{"id":1685,"date":"2024-06-19T07:47:24","date_gmt":"2024-06-19T05:47:24","guid":{"rendered":"https:\/\/mediset.cz\/cz\/?page_id=1685"},"modified":"2025-03-18T13:14:52","modified_gmt":"2025-03-18T12:14:52","slug":"auto-pc-ii-tlakovy-infusor","status":"publish","type":"page","link":"https:\/\/mediset.cz\/cz\/auto-pc-ii-tlakovy-infusor\/","title":{"rendered":"Auto PC II &#8211; tlakov\u00fd infusor"},"content":{"rendered":"\n<h2 class=\"wp-block-heading\">Auto PC II &#8211; Tlakov\u00fd infuzor<\/h2>\n\n\n\n<div class=\"wp-block-columns is-layout-flex wp-container-core-columns-is-layout-28f84493 wp-block-columns-is-layout-flex\">\n<div class=\"wp-block-column is-layout-flow wp-block-column-is-layout-flow\"><\/div>\n\n\n\n<div class=\"wp-block-column is-layout-flow wp-block-column-is-layout-flow\">\n<figure class=\"wp-block-image alignright size-full\"><img decoding=\"async\" width=\"250\" height=\"52\" src=\"https:\/\/mediset.cz\/cz\/wp-content\/uploads\/2024\/06\/AceMedical-logo2.png\" alt=\"\" class=\"wp-image-1696\"\/><\/figure>\n<\/div>\n<\/div>\n\n\n\n<div class=\"wp-block-columns is-layout-flex wp-container-core-columns-is-layout-28f84493 wp-block-columns-is-layout-flex\">\n<div class=\"wp-block-column is-layout-flow wp-block-column-is-layout-flow\">\n<p><\/p>\n\n\n\n<figure class=\"wp-block-image size-full is-resized\"><img decoding=\"async\" src=\"https:\/\/mediset.cz\/cz\/wp-content\/uploads\/2024\/06\/autoPC-logo.png\" alt=\"\" class=\"wp-image-1687\" style=\"width:300px\"\/><\/figure>\n\n\n\n<div style=\"height:40px\" aria-hidden=\"true\" class=\"wp-block-spacer\"><\/div>\n\n\n\n<h3 class=\"wp-block-heading\">Nov\u00fd automatick\u00fd tlakov\u00fd infus\u00e9r<\/h3>\n\n\n\n<ul class=\"wp-block-list\">\n<li>AutoPC II je automatick\u00fd tlakov\u00fd infuz\u00e9r<\/li>\n\n\n\n<li>Nen\u00ed t\u0159eba d\u00e1vat tlak konven\u010dn\u00edm zp\u016fsobem<\/li>\n\n\n\n<li>Rozsah tlaku je od 100 ~ 400 mmHg<\/li>\n\n\n\n<li>K dispozici jsou jednoduch\u00fd a dvojit\u00fd model<\/li>\n<\/ul>\n<\/div>\n\n\n\n<div class=\"wp-block-column is-layout-flow wp-block-column-is-layout-flow\">\n<figure class=\"wp-block-image size-full\"><img fetchpriority=\"high\" decoding=\"async\" width=\"629\" height=\"548\" src=\"https:\/\/mediset.cz\/cz\/wp-content\/uploads\/2024\/06\/autoPC003.webp\" alt=\"\" class=\"wp-image-1689\" srcset=\"https:\/\/mediset.cz\/cz\/wp-content\/uploads\/2024\/06\/autoPC003.webp 629w, https:\/\/mediset.cz\/cz\/wp-content\/uploads\/2024\/06\/autoPC003-300x261.webp 300w\" sizes=\"(max-width: 629px) 100vw, 629px\" \/><\/figure>\n<\/div>\n<\/div>\n\n\n\n<p><\/p>\n\n\n\n<figure class=\"wp-block-embed is-type-video is-provider-youtube wp-block-embed-youtube wp-embed-aspect-16-9 wp-has-aspect-ratio\"><div class=\"wp-block-embed__wrapper\">\n<div class=\"ast-oembed-container\" style=\"height: 100%;\"><iframe title=\"AceWarmingSystem II 1080p\" width=\"500\" height=\"281\" src=\"https:\/\/www.youtube.com\/embed\/_BS57TZHLbo?feature=oembed\" frameborder=\"0\" allow=\"accelerometer; autoplay; clipboard-write; encrypted-media; gyroscope; picture-in-picture; web-share\" referrerpolicy=\"strict-origin-when-cross-origin\" allowfullscreen><\/iframe><\/div>\n<\/div><\/figure>\n\n\n\n<div class=\"wp-block-columns is-layout-flex wp-container-core-columns-is-layout-28f84493 wp-block-columns-is-layout-flex\">\n<div class=\"wp-block-column is-layout-flow wp-block-column-is-layout-flow\">\n<p>AutoPC II je modern\u00ed automatick\u00fd tlakov\u00fd infuz\u00e9r, kter\u00fd je \u0161iroce vyu\u017e\u00edv\u00e1n ve zdravotnick\u00fdch za\u0159\u00edzen\u00edch k pod\u00e1v\u00e1n\u00ed krve a tekutin pod specificky nastaven\u00fdm tlakem. P\u0159\u00edstroj je navr\u017een tak, aby byl schopen plynule regulovat tlak od 0 do 400 mmHg, co\u017e umo\u017e\u0148uje jeho pou\u017eit\u00ed v r\u016fznorod\u00fdch klinick\u00fdch situac\u00edch.<\/p>\n\n\n\n<h3 class=\"wp-block-heading\">Pou\u017eit\u00ed a funkce:<\/h3>\n\n\n\n<p><strong>Irigace a \u010di\u0161t\u011bn\u00ed m\u00edsta r\u00e1ny:<\/strong> <br>AutoPC II je nezbytn\u00fdm n\u00e1strojem pro irigaci, om\u00fdv\u00e1n\u00ed a \u010di\u0161t\u011bn\u00ed m\u00edsta r\u00e1ny b\u011bhem chirurgick\u00fdch z\u00e1krok\u016f. Efektivn\u00ed \u010di\u0161t\u011bn\u00ed opera\u010dn\u00edho pole je kl\u00ed\u010dov\u00e9 pro prevenci infekc\u00ed a zaji\u0161t\u011bn\u00ed optim\u00e1ln\u00edch podm\u00ednek pro hojen\u00ed.<\/p>\n\n\n\n<p><strong>Invazivn\u00ed monitorov\u00e1n\u00ed krevn\u00edho tlaku:<\/strong> <br>Tento p\u0159\u00edstroj je rovn\u011b\u017e kl\u00ed\u010dov\u00fd pro zaji\u0161t\u011bn\u00ed tlaku tekutiny nutn\u00e9ho pro invazivn\u00ed monitorov\u00e1n\u00ed krevn\u00edho tlaku, kdy je po\u017eadov\u00e1n st\u00e1l\u00fd tlak 300 mmHg. Tato funkce je zvl\u00e1\u0161t\u011b d\u016fle\u017eit\u00e1 v kritick\u00fdch a akutn\u00edch situac\u00edch, kde je nezbytn\u00e9 sledov\u00e1n\u00ed krevn\u00edho tlaku v re\u00e1ln\u00e9m \u010dase.<\/p>\n\n\n\n<h3 class=\"wp-block-heading\">Princip fungov\u00e1n\u00ed:<\/h3>\n\n\n\n<p><strong>Dod\u00e1vka kapaliny pod tlakem:<\/strong> <br>AutoPC II pracuje na principu stla\u010dov\u00e1n\u00ed vaku s kapalinou jednou nebo dv\u011bma tlakov\u00fdmi komorami. Tyto komory funguj\u00ed nez\u00e1visle na sob\u011b a umo\u017e\u0148uj\u00ed p\u0159esn\u00e9 d\u00e1vkov\u00e1n\u00ed tekutin bez nutnosti extern\u00edho kompresoru. Tento syst\u00e9m zaji\u0161\u0165uje kontinu\u00e1ln\u00ed a stabiln\u00ed pod\u00e1v\u00e1n\u00ed tekutin pod kontrolou tlaku.<\/p>\n<\/div>\n\n\n\n<div class=\"wp-block-column is-layout-flow wp-block-column-is-layout-flow\">\n<figure class=\"wp-block-image size-full\"><img decoding=\"async\" width=\"629\" height=\"548\" src=\"https:\/\/mediset.cz\/cz\/wp-content\/uploads\/2024\/06\/autoPC004.webp\" alt=\"\" class=\"wp-image-1690\" srcset=\"https:\/\/mediset.cz\/cz\/wp-content\/uploads\/2024\/06\/autoPC004.webp 629w, https:\/\/mediset.cz\/cz\/wp-content\/uploads\/2024\/06\/autoPC004-300x261.webp 300w\" sizes=\"(max-width: 629px) 100vw, 629px\" \/><\/figure>\n<\/div>\n<\/div>\n\n\n\n<p><\/p>\n\n\n\n<div style=\"height:100px\" aria-hidden=\"true\" class=\"wp-block-spacer\"><\/div>\n\n\n\n<h2 class=\"wp-block-heading\">V\u00fdhody p\u0159\u00edstroje AutoPC II<\/h2>\n\n\n\n<p><\/p>\n\n\n\n<div class=\"wp-block-columns is-layout-flex wp-container-core-columns-is-layout-28f84493 wp-block-columns-is-layout-flex\">\n<div class=\"wp-block-column is-layout-flow wp-block-column-is-layout-flow\">\n<ul class=\"wp-block-list\">\n<li><strong>Intuitivn\u00ed a jednoduch\u00e9 u\u017eivatelsk\u00e9 rozhran\u00ed:<\/strong> <br>AutoPC II byl navr\u017een s d\u016frazem na ergonomii a intuitivnost, co\u017e umo\u017e\u0148uje zdravotnick\u00e9mu person\u00e1lu snadno ovl\u00e1dat za\u0159\u00edzen\u00ed bez pot\u0159eby rozs\u00e1hl\u00e9ho \u0161kolen\u00ed. Tento p\u0159\u00edstup nejen zjednodu\u0161uje ka\u017edodenn\u00ed pr\u00e1ci, ale tak\u00e9 zkracuje dobu p\u0159\u00edpravy za\u0159\u00edzen\u00ed k pou\u017eit\u00ed, co\u017e je zvl\u00e1\u0161t\u011b cenn\u00e9 v situac\u00edch, kdy je \u010das kritick\u00fdm faktorem.<br>.<\/li>\n\n\n\n<li><strong>Snadn\u00e1 instalace:<\/strong> <br>D\u00edky kompaktn\u00edmu designu a modul\u00e1rn\u00ed konstrukci lze AutoPC II rychle a jednodu\u0161e instalovat a integrovat do r\u016fzn\u00fdch klinick\u00fdch prost\u0159ed\u00ed. Jeho adaptabilita umo\u017e\u0148uje snadn\u00e9 nasazen\u00ed jak v tradi\u010dn\u00edch nemocni\u010dn\u00edch pokoj\u00edch, tak v mobiln\u00edch zdravotnick\u00fdch jednotk\u00e1ch.<br>.<\/li>\n\n\n\n<li><strong>P\u0159esn\u00fd pr\u016ftok s konstantn\u00edm tlakem:<\/strong> <br>AutoPC II je vybaven sofistikovan\u00fdmi senzory a regul\u00e1tory, kter\u00e9 udr\u017euj\u00ed pr\u016ftok tekutin a tlak na konstantn\u00ed \u00farovni bez ohledu na vn\u011bj\u0161\u00ed podm\u00ednky. Tato funkce zaji\u0161\u0165uje, \u017ee infuze a irigace jsou prov\u00e1d\u011bny s maxim\u00e1ln\u00ed p\u0159esnost\u00ed, co\u017e minimalizuje riziko komplikac\u00ed spojen\u00fdch s kol\u00eds\u00e1n\u00edm tlaku a pr\u016ftoku.<br>.<\/li>\n\n\n\n<li><strong>Kompatibilita s b\u011b\u017en\u00fdmi infuzn\u00edmi s\u00e1\u010dky:<\/strong> <br>AutoPC II je designov\u00e1n tak, aby byl kompatibiln\u00ed s \u0161irok\u00fdm spektrem standardn\u00edch IV s\u00e1\u010dk\u016f, co\u017e zvy\u0161uje flexibilitu za\u0159\u00edzen\u00ed a umo\u017e\u0148uje zdravotnick\u00fdm za\u0159\u00edzen\u00edm vyu\u017e\u00edvat jejich st\u00e1vaj\u00edc\u00ed z\u00e1soby bez nutnosti dal\u0161\u00edch investic do speci\u00e1ln\u00edch infuzn\u00edch syst\u00e9m\u016f.<\/li>\n<\/ul>\n<\/div>\n\n\n\n<div class=\"wp-block-column is-layout-flow wp-block-column-is-layout-flow\">\n<ul class=\"wp-block-list\">\n<li><strong>Bateriov\u00e9 proveden\u00ed s lithium-iontovou bateri\u00ed:<\/strong> <br>Model vybaven\u00fd lithium-iontovou bateri\u00ed nab\u00edz\u00ed v\u00fdjime\u010dnou mobilitu a nez\u00e1vislost na extern\u00edch zdroj\u00edch energie, co\u017e je ide\u00e1ln\u00ed pro pou\u017eit\u00ed v ter\u00e9nn\u00edch podm\u00ednk\u00e1ch nebo v situac\u00edch, kde nen\u00ed k dispozici stabiln\u00ed nap\u00e1jen\u00ed. Tato vlastnost zna\u010dn\u011b roz\u0161i\u0159uje mo\u017enosti vyu\u017eit\u00ed za\u0159\u00edzen\u00ed mimo tradi\u010dn\u00ed zdravotnick\u00e9 prost\u0159ed\u00ed.<br>.<\/li>\n\n\n\n<li><strong>Alarm p\u0159i p\u0159ekro\u010den\u00ed nastaven\u00e9ho tlakov\u00e9ho limitu:<\/strong> <br>AutoPC II je vybaven alarmov\u00fdm syst\u00e9mem, kter\u00fd okam\u017eit\u011b upozorn\u00ed person\u00e1l v p\u0159\u00edpad\u011b, \u017ee tlak p\u0159ekro\u010d\u00ed bezpe\u010dn\u00e9 hodnoty. Tato bezpe\u010dnostn\u00ed funkce je kl\u00ed\u010dov\u00e1 pro prevenci potenci\u00e1ln\u00edch rizik spojen\u00fdch s nadm\u011brn\u00fdm tlakem, co\u017e m\u016f\u017ee v\u00e9st k po\u0161kozen\u00ed tk\u00e1n\u00ed nebo jin\u00fdm komplikac\u00edm.<br>.<\/li>\n\n\n\n<li><strong>\u0160irok\u00e9 spektrum indikac\u00ed:<\/strong> <br>S maxim\u00e1ln\u00edm tlakem a\u017e 400 mmHg a schopnost\u00ed p\u0159izp\u016fsoben\u00ed r\u016fzn\u00fdm typ\u016fm tekutin je AutoPC II vhodn\u00fd pro \u0161irokou paletu klinick\u00fdch aplikac\u00ed. Za\u0159\u00edzen\u00ed lze vyu\u017e\u00edt pro standardn\u00ed infuze, vysoce tlakov\u00e9 irigace, stejn\u011b jako pro speci\u00e1ln\u00ed procedury, kde je vy\u017eadov\u00e1na precizn\u00ed kontrola tlaku.<br>.<\/li>\n<\/ul>\n\n\n\n<p>D\u00edky t\u011bmto v\u00fdhod\u00e1m je AutoPC II cen\u011bn\u00fdm n\u00e1strojem pro zdravotnick\u00e9 pracovn\u00edky, kte\u0159\u00ed vy\u017eaduj\u00ed spolehliv\u00e9, bezpe\u010dn\u00e9 a efektivn\u00ed \u0159e\u0161en\u00ed pro spr\u00e1vu tekutin v r\u016fzn\u00fdch l\u00e9ka\u0159sk\u00fdch situac\u00edch.<\/p>\n<\/div>\n<\/div>\n\n\n\n<div style=\"height:100px\" aria-hidden=\"true\" class=\"wp-block-spacer\"><\/div>\n\n\n\n<p><\/p>\n\n\n\n<h2 class=\"wp-block-heading\">Varianty<\/h2>\n\n\n\n<p>AutoPC II je dostupn\u00fd ve dvou variant\u00e1ch: <br><strong>single<\/strong> (samostatn\u00fd typ) a <strong>double<\/strong> (dvojit\u00fd typ), <br>p\u0159i\u010dem\u017e ka\u017ed\u00e1 z t\u011bchto variant m\u016f\u017ee b\u00fdt bu\u010f <strong>s\u00ed\u0165ov\u00e1<\/strong> (nap\u00e1jen\u00e1 z elektrick\u00e9 z\u00e1suvky) nebo <strong>nab\u00edjec\u00ed<\/strong> (vybaven\u00e1 bateri\u00ed). <br>Toto rozd\u011blen\u00ed umo\u017e\u0148uje zdravotnick\u00fdm za\u0159\u00edzen\u00edm vybrat si model, kter\u00fd nejl\u00e9pe vyhovuje jejich specifick\u00fdm pot\u0159eb\u00e1m a provozn\u00edm podm\u00ednk\u00e1m.<\/p>\n\n\n\n<div class=\"wp-block-columns is-layout-flex wp-container-core-columns-is-layout-28f84493 wp-block-columns-is-layout-flex\">\n<div class=\"wp-block-column is-layout-flow wp-block-column-is-layout-flow\">\n<figure class=\"wp-block-image aligncenter size-full\"><img loading=\"lazy\" decoding=\"async\" width=\"279\" height=\"500\" src=\"https:\/\/mediset.cz\/cz\/wp-content\/uploads\/2024\/06\/Auto-PC-II-02.webp\" alt=\"\" class=\"wp-image-1699\" srcset=\"https:\/\/mediset.cz\/cz\/wp-content\/uploads\/2024\/06\/Auto-PC-II-02.webp 279w, https:\/\/mediset.cz\/cz\/wp-content\/uploads\/2024\/06\/Auto-PC-II-02-167x300.webp 167w\" sizes=\"(max-width: 279px) 100vw, 279px\" \/><\/figure>\n<\/div>\n\n\n\n<div class=\"wp-block-column is-vertically-aligned-center is-layout-flow wp-block-column-is-layout-flow\">\n<h3 class=\"wp-block-heading\">Single (samostatn\u00fd typ):<\/h3>\n\n\n\n<ul class=\"wp-block-list\">\n<li><strong>S\u00ed\u0165ov\u00fd model:<\/strong> <br>Tato verze je ide\u00e1ln\u00ed pro stacion\u00e1rn\u00ed pou\u017eit\u00ed v nemocnic\u00edch a klinik\u00e1ch, kde je st\u00e1l\u00fd p\u0159\u00edstup k elektrick\u00e9 s\u00edti. S\u00ed\u0165ov\u00fd model zaji\u0161\u0165uje nep\u0159etr\u017eitou provozn\u00ed spolehlivost bez obav z vybit\u00ed baterie.<br>.<\/li>\n\n\n\n<li><strong>Nab\u00edjec\u00ed model:<\/strong> <br>Nab\u00edz\u00ed v\u011bt\u0161\u00ed flexibilitu a mobilitu, co\u017e je v\u00fdhodn\u00e9 pro pou\u017eit\u00ed v situac\u00edch, kde nen\u00ed k dispozici st\u00e1l\u00fd zdroj elektrick\u00e9 energie. Baterie umo\u017e\u0148uje za\u0159\u00edzen\u00ed fungovat po ur\u010ditou dobu bez pot\u0159eby s\u00ed\u0165ov\u00e9ho nap\u00e1jen\u00ed, co\u017e je ide\u00e1ln\u00ed pro mobiln\u00ed t\u00fdmy nebo v ter\u00e9nn\u00edch podm\u00ednk\u00e1ch.<\/li>\n<\/ul>\n<\/div>\n<\/div>\n\n\n\n<div class=\"wp-block-columns is-layout-flex wp-container-core-columns-is-layout-28f84493 wp-block-columns-is-layout-flex\">\n<div class=\"wp-block-column is-vertically-aligned-center is-layout-flow wp-block-column-is-layout-flow\">\n<h3 class=\"wp-block-heading\">Double (dvojit\u00fd typ):<\/h3>\n\n\n\n<ul class=\"wp-block-list\">\n<li><strong>S\u00ed\u0165ov\u00fd model:<\/strong> <br>Dvojit\u00fd s\u00ed\u0165ov\u00fd model umo\u017e\u0148uje sou\u010dasn\u00e9 ovl\u00e1d\u00e1n\u00ed dvou nez\u00e1visl\u00fdch s\u00e1\u010dk\u016f s infuzn\u00edmi roztoky, co\u017e zvy\u0161uje efektivitu zdravotnick\u00e9 p\u00e9\u010de t\u00edm, \u017ee umo\u017e\u0148uje rychlej\u0161\u00ed a variabiln\u011bj\u0161\u00ed aplikace. Tento model je vhodn\u00fd pro vysoce dynamick\u00e9 zdravotn\u00ed prost\u0159ed\u00ed.<br>.<\/li>\n\n\n\n<li><strong>Nab\u00edjec\u00ed model:<\/strong> <br>Stejn\u011b jako u samostatn\u00e9ho typu, dvojit\u00fd nab\u00edjec\u00ed model poskytuje vysokou m\u00edru mobilitu a je schopen zvl\u00e1dnout dv\u011b infuze sou\u010dasn\u011b i mimo tradi\u010dn\u00ed zdravotnick\u00e9 prost\u0159ed\u00ed. Bateriov\u00e9 nap\u00e1jen\u00ed p\u0159in\u00e1\u0161\u00ed v\u00fdhody v oblastech s omezenou dostupnost\u00ed elektrick\u00e9 energie nebo pro z\u00e1sahy mimo zdravotnick\u00e9 za\u0159\u00edzen\u00ed.<\/li>\n<\/ul>\n<\/div>\n\n\n\n<div class=\"wp-block-column is-layout-flow wp-block-column-is-layout-flow\">\n<figure class=\"wp-block-image size-full\"><img fetchpriority=\"high\" decoding=\"async\" width=\"629\" height=\"548\" src=\"https:\/\/mediset.cz\/cz\/wp-content\/uploads\/2024\/06\/autoPC003.webp\" alt=\"\" class=\"wp-image-1689\" srcset=\"https:\/\/mediset.cz\/cz\/wp-content\/uploads\/2024\/06\/autoPC003.webp 629w, https:\/\/mediset.cz\/cz\/wp-content\/uploads\/2024\/06\/autoPC003-300x261.webp 300w\" sizes=\"(max-width: 629px) 100vw, 629px\" \/><\/figure>\n<\/div>\n<\/div>\n\n\n\n<div class=\"wp-block-columns is-layout-flex wp-container-core-columns-is-layout-28f84493 wp-block-columns-is-layout-flex\">\n<div class=\"wp-block-column is-layout-flow wp-block-column-is-layout-flow\">\n<figure class=\"wp-block-image size-large\"><img loading=\"lazy\" decoding=\"async\" width=\"1024\" height=\"435\" src=\"https:\/\/mediset.cz\/cz\/wp-content\/uploads\/2024\/06\/Auto-PC-II-nabijeci-1024x435.webp\" alt=\"\" class=\"wp-image-1702\" srcset=\"https:\/\/mediset.cz\/cz\/wp-content\/uploads\/2024\/06\/Auto-PC-II-nabijeci-1024x435.webp 1024w, https:\/\/mediset.cz\/cz\/wp-content\/uploads\/2024\/06\/Auto-PC-II-nabijeci-300x128.webp 300w, https:\/\/mediset.cz\/cz\/wp-content\/uploads\/2024\/06\/Auto-PC-II-nabijeci-768x326.webp 768w, https:\/\/mediset.cz\/cz\/wp-content\/uploads\/2024\/06\/Auto-PC-II-nabijeci.webp 1162w\" sizes=\"(max-width: 1024px) 100vw, 1024px\" \/><\/figure>\n\n\n\n<h4 class=\"wp-block-heading has-text-align-right\"><strong>Nab\u00edjec\u00ed model<\/strong><\/h4>\n<\/div>\n\n\n\n<div class=\"wp-block-column is-layout-flow wp-block-column-is-layout-flow\">\n<p>Tyto varianty umo\u017e\u0148uj\u00ed zdravotnick\u00fdm za\u0159\u00edzen\u00edm optimalizovat jejich opera\u010dn\u00ed schopnosti podle specifick\u00e9ho klinick\u00e9ho sc\u00e9n\u00e1\u0159e, co\u017e zahrnuje v\u0161e od b\u011b\u017en\u00e9ho denn\u00edho pou\u017eit\u00ed a\u017e po speci\u00e1ln\u00ed z\u00e1sahov\u00e9 situace. Volba mezi samostatn\u00fdm a dvojit\u00fdm typem a mezi s\u00ed\u0165ov\u00fdm a nab\u00edjec\u00edm modelem by m\u011bla b\u00fdt u\u010din\u011bna na z\u00e1klad\u011b pe\u010dliv\u00e9ho zv\u00e1\u017een\u00ed klinick\u00fdch pot\u0159eb a dostupnosti infrastruktury.<\/p>\n\n\n\n<p><\/p>\n<\/div>\n<\/div>\n\n\n\n<div style=\"height:100px\" aria-hidden=\"true\" class=\"wp-block-spacer\"><\/div>\n\n\n\n<div class=\"inherit-container-width wp-block-group is-layout-constrained wp-block-group-is-layout-constrained\">\n<h2 class=\"wp-block-heading\">Produkty<\/h2>\n\n\n<div class='pt-cv-wrapper'> <div class=\"pt-cv-view pt-cv-blockgrid iscvblock iscvreal grid1 layout1 cveffect-zoomin\" id=\"pt-cv-view-ttdzzj2w\"><div data-id=\"pt-cv-page-1\" class=\"pt-cv-page\" data-cvc=\"3\"><div class=\" pt-cv-content-item pt-cv-1-col\" ><div class=\"pt-cv-thumb-wrapper  \"><a href=\"https:\/\/mediset.cz\/cz\/ohrivaci-system-ace-ii\/\" class=\"_self pt-cv-href-thumbnail pt-cv-thumb-default\" target=\"_self\" ><img loading=\"lazy\" decoding=\"async\" width=\"311\" height=\"725\" src=\"https:\/\/mediset.cz\/cz\/wp-content\/uploads\/2024\/06\/Auto-PC-II-04.webp\" class=\"pt-cv-thumbnail\" alt=\"\" \/><\/a><\/div>\n<div class=\"pt-cv-taxoterm above_title\"><\/div>\n<h4 class=\"pt-cv-title\"><a href=\"https:\/\/mediset.cz\/cz\/ohrivaci-system-ace-ii\/\" class=\"_self\" target=\"_self\" >Oh\u0159\u00edvac\u00ed syst\u00e9m Ace II<\/a><\/h4>\n<div class=\"pt-cv-content\">Oh\u0159\u00edvac\u00ed syst\u00e9m Ace II &#8211; pokro\u010dil\u00e9 \u0159e\u0161en\u00ed pro oh\u0159ev krve a tekutin Oh\u0159\u00edvac\u00ed syst\u00e9m Ace II Komplexn\u00ed integrovan\u00e9 \u0159e\u0161en\u00ed pro &#8230;<\/div><\/div>\n<div class=\" pt-cv-content-item pt-cv-1-col\" ><div class=\"pt-cv-thumb-wrapper  \"><a href=\"https:\/\/mediset.cz\/cz\/auto-mer-ii-ohrivac-krve-a-tekutin\/\" class=\"_self pt-cv-href-thumbnail pt-cv-thumb-default\" target=\"_self\" ><img loading=\"lazy\" decoding=\"async\" width=\"629\" height=\"548\" src=\"https:\/\/mediset.cz\/cz\/wp-content\/uploads\/2024\/06\/automer002.webp\" class=\"pt-cv-thumbnail\" alt=\"\" \/><\/a><\/div>\n<div class=\"pt-cv-taxoterm above_title\"><\/div>\n<h4 class=\"pt-cv-title\"><a href=\"https:\/\/mediset.cz\/cz\/auto-mer-ii-ohrivac-krve-a-tekutin\/\" class=\"_self\" target=\"_self\" >Auto Mer II &#8211; Oh\u0159\u00edva\u010d krve a tekutin<\/a><\/h4>\n<div class=\"pt-cv-content\">Auto Mer II &#8211; Oh\u0159\u00edva\u010d krve a tekutin Oh\u0159\u00edva\u010d krve a tekutin AutoMer II je ur\u010den k oh\u0159\u00edv\u00e1n\u00ed krve\/tekutin pro &#8230;<\/div><\/div>\n<div class=\" pt-cv-content-item pt-cv-1-col\" ><div class=\"pt-cv-thumb-wrapper  \"><a href=\"https:\/\/mediset.cz\/cz\/auto-pc-ii-tlakovy-infusor\/\" class=\"_self pt-cv-href-thumbnail pt-cv-thumb-default\" target=\"_self\" ><img loading=\"lazy\" decoding=\"async\" width=\"300\" height=\"300\" src=\"https:\/\/mediset.cz\/cz\/wp-content\/uploads\/2024\/06\/autoPC2.webp\" class=\"pt-cv-thumbnail\" alt=\"\" \/><\/a><\/div>\n<div class=\"pt-cv-taxoterm above_title\"><\/div>\n<h4 class=\"pt-cv-title\"><a href=\"https:\/\/mediset.cz\/cz\/auto-pc-ii-tlakovy-infusor\/\" class=\"_self\" target=\"_self\" >Auto PC II &#8211; tlakov\u00fd infusor<\/a><\/h4>\n<div class=\"pt-cv-content\">Auto PC II &#8211; Tlakov\u00fd infuzor Nov\u00fd automatick\u00fd tlakov\u00fd infus\u00e9r AutoPC II je automatick\u00fd tlakov\u00fd infuz\u00e9r Nen\u00ed t\u0159eba d\u00e1vat tlak &#8230;<\/div><\/div><\/div><\/div> <\/div> <style>\n\n#pt-cv-view-ttdzzj2w .pt-cv-meta-fields {  }#pt-cv-view-ttdzzj2w .pt-cv-meta-fields * { font-size: 13px; }#pt-cv-view-ttdzzj2w .pt-cv-thumb-wrapper:not(.miniwrap) { width: 250px; }#pt-cv-view-ttdzzj2w .pt-cv-thumbnail:not(.pt-cv-thumbnailsm) { height: 250px; }#pt-cv-view-ttdzzj2w .pt-cv-title a { display: block; }#pt-cv-view-ttdzzj2w .pt-cv-title:not(.pt-cv-titlesm) a { font-weight: 600;text-decoration: none;font-size: 20px; }#pt-cv-view-ttdzzj2w .pt-cv-titlesm a { font-weight: 600;font-size: 18px; }#pt-cv-view-ttdzzj2w .pt-cv-content { font-size: 15px; }#pt-cv-view-ttdzzj2w .pt-cv-rmwrap {  }#pt-cv-view-ttdzzj2w .pt-cv-readmore { color: #fff;background-color: #0075ff;font-size: 14px; }#pt-cv-view-ttdzzj2w .pt-cv-taxoterm {  }#pt-cv-view-ttdzzj2w .pt-cv-taxoterm * { color: #222;background-color: #fff6f6;font-size: 14px; }#pt-cv-view-ttdzzj2w + .pt-cv-pagination-wrapper {  }#pt-cv-view-ttdzzj2w + .pt-cv-pagination-wrapper a { font-size: 14px; }#pt-cv-view-ttdzzj2w > .pt-cv-page {grid-template-columns: repeat(3, 1fr);grid-gap: 20px;}\n@media all and (max-width: 1024px) { \n#pt-cv-view-ttdzzj2w > .pt-cv-page {}\n} \n@media all and (max-width: 767px) { \n#pt-cv-view-ttdzzj2w > .pt-cv-page {grid-template-columns: repeat(1, 1fr);}\n} <\/style>\n\n\n<div class=\"wp-block-buttons is-content-justification-center is-layout-flex wp-container-core-buttons-is-layout-a89b3969 wp-block-buttons-is-layout-flex\">\n<div class=\"wp-block-button has-custom-width wp-block-button__width-50\"><a class=\"wp-block-button__link has-text-align-center wp-element-button\" href=\"https:\/\/mediset.cz\/cz\/info-ohrivaci-system-ace\/\">Chci po\u017e\u00e1dat o v\u00edce informac\u00ed k Oh\u0159\u00edvac\u00edmu syst\u00e9mu Ace<\/a><\/div>\n<\/div>\n<\/div>\n","protected":false},"excerpt":{"rendered":"<p>Auto PC II &#8211; Tlakov\u00fd infuzor Nov\u00fd automatick\u00fd tlakov\u00fd infus\u00e9r AutoPC II je modern\u00ed automatick\u00fd tlakov\u00fd infuz\u00e9r, kter\u00fd je \u0161iroce vyu\u017e\u00edv\u00e1n ve zdravotnick\u00fdch za\u0159\u00edzen\u00edch k pod\u00e1v\u00e1n\u00ed krve a tekutin pod specificky nastaven\u00fdm tlakem. P\u0159\u00edstroj je navr\u017een tak, aby byl schopen plynule regulovat tlak od 0 do 400 mmHg, co\u017e umo\u017e\u0148uje jeho pou\u017eit\u00ed v r\u016fznorod\u00fdch klinick\u00fdch &hellip;<\/p>\n<p class=\"read-more\"> <a class=\"\" href=\"https:\/\/mediset.cz\/cz\/auto-pc-ii-tlakovy-infusor\/\"> <span class=\"screen-reader-text\">Auto PC II &#8211; tlakov\u00fd infusor<\/span> Pokra\u010dovat ve \u010dten\u00ed &raquo;<\/a><\/p>\n","protected":false},"author":1,"featured_media":1710,"parent":0,"menu_order":0,"comment_status":"closed","ping_status":"closed","template":"","meta":{"site-sidebar-layout":"default","site-content-layout":"default","ast-global-header-display":"","ast-main-header-display":"","ast-hfb-above-header-display":"","ast-hfb-below-header-display":"","ast-hfb-mobile-header-display":"","site-post-title":"","ast-breadcrumbs-content":"","ast-featured-img":"","footer-sml-layout":"","theme-transparent-header-meta":"","adv-header-id-meta":"","stick-header-meta":"","header-above-stick-meta":"","header-main-stick-meta":"","header-below-stick-meta":"","footnotes":""},"folder":[],"class_list":["post-1685","page","type-page","status-publish","has-post-thumbnail","hentry"],"_links":{"self":[{"href":"https:\/\/mediset.cz\/cz\/wp-json\/wp\/v2\/pages\/1685","targetHints":{"allow":["GET"]}}],"collection":[{"href":"https:\/\/mediset.cz\/cz\/wp-json\/wp\/v2\/pages"}],"about":[{"href":"https:\/\/mediset.cz\/cz\/wp-json\/wp\/v2\/types\/page"}],"author":[{"embeddable":true,"href":"https:\/\/mediset.cz\/cz\/wp-json\/wp\/v2\/users\/1"}],"replies":[{"embeddable":true,"href":"https:\/\/mediset.cz\/cz\/wp-json\/wp\/v2\/comments?post=1685"}],"version-history":[{"count":14,"href":"https:\/\/mediset.cz\/cz\/wp-json\/wp\/v2\/pages\/1685\/revisions"}],"predecessor-version":[{"id":1756,"href":"https:\/\/mediset.cz\/cz\/wp-json\/wp\/v2\/pages\/1685\/revisions\/1756"}],"wp:featuredmedia":[{"embeddable":true,"href":"https:\/\/mediset.cz\/cz\/wp-json\/wp\/v2\/media\/1710"}],"wp:attachment":[{"href":"https:\/\/mediset.cz\/cz\/wp-json\/wp\/v2\/media?parent=1685"}],"wp:term":[{"taxonomy":"folder","embeddable":true,"href":"https:\/\/mediset.cz\/cz\/wp-json\/wp\/v2\/folder?post=1685"}],"curies":[{"name":"wp","href":"https:\/\/api.w.org\/{rel}","templated":true}]}}