{"id":2314,"date":"2025-03-18T09:22:19","date_gmt":"2025-03-18T08:22:19","guid":{"rendered":"https:\/\/mediset.cz\/cz\/?page_id=2314"},"modified":"2025-03-18T09:32:12","modified_gmt":"2025-03-18T08:32:12","slug":"info-hyperbaricka-komora","status":"publish","type":"page","link":"https:\/\/mediset.cz\/cz\/info-hyperbaricka-komora\/","title":{"rendered":"info Hyperbarick\u00e1 komora"},"content":{"rendered":"\n\n\n<div class=\"wp-block-columns is-layout-flex wp-container-core-columns-is-layout-28f84493 wp-block-columns-is-layout-flex\">\n<div class=\"wp-block-column is-layout-flow wp-block-column-is-layout-flow\">\n<p class=\"has-text-align-center has-x-large-font-size\">M\u00e1m z\u00e1jem o v\u00edce informac\u00ed k Hyperbarick\u00e9 komo\u0159e<\/p>\n<\/div>\n\n\n\n<div class=\"wp-block-column is-layout-flow wp-block-column-is-layout-flow\">\n<figure class=\"wp-block-image size-full\"><img fetchpriority=\"high\" decoding=\"async\" width=\"591\" height=\"591\" src=\"https:\/\/mediset.cz\/cz\/wp-content\/uploads\/2025\/02\/AHA-Flex-V2-with-analyzer.webp\" alt=\"\" class=\"wp-image-2171\" srcset=\"https:\/\/mediset.cz\/cz\/wp-content\/uploads\/2025\/02\/AHA-Flex-V2-with-analyzer.webp 591w, https:\/\/mediset.cz\/cz\/wp-content\/uploads\/2025\/02\/AHA-Flex-V2-with-analyzer-300x300.webp 300w, https:\/\/mediset.cz\/cz\/wp-content\/uploads\/2025\/02\/AHA-Flex-V2-with-analyzer-150x150.webp 150w\" sizes=\"(max-width: 591px) 100vw, 591px\" \/><\/figure>\n<\/div>\n<\/div>\n\n\n\n<div style=\"height:100px\" aria-hidden=\"true\" class=\"wp-block-spacer\"><\/div>\n\n\n\n<div class=\"wp-block-columns has-background is-layout-flex wp-container-core-columns-is-layout-28f84493 wp-block-columns-is-layout-flex\" style=\"background:linear-gradient(311deg,rgb(238,238,238) 0%,rgb(169,184,195) 100%)\">\n<div class=\"wp-block-column is-layout-flow wp-block-column-is-layout-flow\">\n<div class=\"wpcf7 no-js\" id=\"wpcf7-f2256-o1\" lang=\"cs-CZ\" dir=\"ltr\">\n<div class=\"screen-reader-response\"><p role=\"status\" aria-live=\"polite\" aria-atomic=\"true\"><\/p> <ul><\/ul><\/div>\n<form action=\"\/cz\/wp-json\/wp\/v2\/pages\/2314#wpcf7-f2256-o1\" method=\"post\" class=\"wpcf7-form init\" aria-label=\"Kontaktn\u00ed formul\u00e1\u0159\" novalidate=\"novalidate\" data-status=\"init\">\n<div style=\"display: none;\">\n<input type=\"hidden\" name=\"_wpcf7\" value=\"2256\" \/>\n<input type=\"hidden\" name=\"_wpcf7_version\" value=\"5.8.6\" \/>\n<input type=\"hidden\" name=\"_wpcf7_locale\" value=\"cs_CZ\" \/>\n<input type=\"hidden\" name=\"_wpcf7_unit_tag\" value=\"wpcf7-f2256-o1\" \/>\n<input type=\"hidden\" name=\"_wpcf7_container_post\" value=\"0\" \/>\n<input type=\"hidden\" name=\"_wpcf7_posted_data_hash\" value=\"\" \/>\n<input type=\"hidden\" name=\"_wpcf7_recaptcha_response\" value=\"\" \/>\n<\/div>\n<p><label> Va\u0161e jm\u00e9no<br \/>\n<span class=\"wpcf7-form-control-wrap\" data-name=\"your-name\"><input size=\"40\" class=\"wpcf7-form-control wpcf7-text wpcf7-validates-as-required\" autocomplete=\"name\" aria-required=\"true\" aria-invalid=\"false\" value=\"\" type=\"text\" name=\"your-name\" \/><\/span> <\/label>\n<\/p>\n<p><label> V\u00e1\u0161 e-mail<br \/>\n<span class=\"wpcf7-form-control-wrap\" data-name=\"your-email\"><input size=\"40\" class=\"wpcf7-form-control wpcf7-email wpcf7-validates-as-required wpcf7-text wpcf7-validates-as-email\" autocomplete=\"email\" aria-required=\"true\" aria-invalid=\"false\" value=\"\" type=\"email\" name=\"your-email\" \/><\/span> <\/label>\n<\/p>\n<p><label> Telefon<br \/>\n<span class=\"wpcf7-form-control-wrap\" data-name=\"tel-907\"><input size=\"40\" class=\"wpcf7-form-control wpcf7-tel wpcf7-validates-as-required wpcf7-text wpcf7-validates-as-tel\" aria-required=\"true\" aria-invalid=\"false\" value=\"\" type=\"tel\" name=\"tel-907\" \/><\/span> <\/label>\n<\/p>\n<p><label> Adresa*<br \/>\n<span class=\"wpcf7-form-control-wrap\" data-name=\"Adresa\"><input size=\"40\" class=\"wpcf7-form-control wpcf7-text wpcf7-validates-as-required\" aria-required=\"true\" aria-invalid=\"false\" placeholder=\"Pros\u00edm napi\u0161te adresu sv\u00e9 ordinace\" value=\"\" type=\"text\" name=\"Adresa\" \/><\/span> <\/label>\n<\/p>\n<p><label> P\u0159edm\u011bt<br \/>\n<span class=\"wpcf7-form-control-wrap\" data-name=\"your-subject\"><input size=\"40\" class=\"wpcf7-form-control wpcf7-text\" aria-invalid=\"false\" placeholder=\"M\u00e1m z\u00e1jem o v\u00edce informac\u00ed k Hyperbarick\u00e9 komo\u0159e\" value=\"\" type=\"text\" name=\"your-subject\" \/><\/span> <\/label>\n<\/p>\n<p><label> Va\u0161e zpr\u00e1va (voliteln\u00fd)<br \/>\n<span class=\"wpcf7-form-control-wrap\" data-name=\"your-message\"><textarea cols=\"40\" rows=\"10\" class=\"wpcf7-form-control wpcf7-textarea\" aria-invalid=\"false\" name=\"your-message\"><\/textarea><\/span> <\/label>\n<\/p>\n<p><input class=\"wpcf7-form-control wpcf7-submit has-spinner\" type=\"submit\" value=\"Odeslat\" \/>\n<\/p><div class=\"wpcf7-response-output\" aria-hidden=\"true\"><\/div>\n<\/form>\n<\/div>\n\n<\/div>\n\n\n\n<div class=\"wp-block-column is-layout-flow wp-block-column-is-layout-flow\">\n<p class=\"has-text-align-center has-x-large-font-size\"><strong>Kontaktn\u00ed formul\u00e1\u0159<\/strong><\/p>\n\n\n\n<p>Pros\u00edm, vypl\u0148te kontaktn\u00ed formul\u00e1\u0159 a n\u00e1\u0161 obchodn\u00ed z\u00e1stupce se s v\u00e1mi co nejd\u0159\u00edve spoj\u00ed.  <\/p>\n<\/div>\n<\/div>\n\n\n\n<div style=\"height:100px\" aria-hidden=\"true\" class=\"wp-block-spacer\"><\/div>\n\n\n\n<div style=\"height:61px\" aria-hidden=\"true\" class=\"wp-block-spacer\"><\/div>\n\n\n\n<p><\/p>\n\n\n<div class='pt-cv-wrapper'> <div class=\"pt-cv-view pt-cv-blockgrid iscvblock iscvreal grid1 layout1 cveffect-zoomin\" id=\"pt-cv-view-qa4ra2wb\"><div data-id=\"pt-cv-page-1\" class=\"pt-cv-page\" data-cvc=\"3\"><div class=\" pt-cv-content-item pt-cv-1-col\" ><div class=\"pt-cv-thumb-wrapper  \"><a href=\"https:\/\/mediset.cz\/cz\/hyperbaricka-komora-aha-hyperbarics\/\" class=\"_self pt-cv-href-thumbnail pt-cv-thumb-default\" target=\"_self\" ><img decoding=\"async\" width=\"591\" height=\"591\" src=\"https:\/\/mediset.cz\/cz\/wp-content\/uploads\/2025\/02\/AHA-Flex-V2-with-analyzer.webp\" class=\"pt-cv-thumbnail\" alt=\"\" \/><\/a><\/div>\n<h4 class=\"pt-cv-title\"><a href=\"https:\/\/mediset.cz\/cz\/hyperbaricka-komora-aha-hyperbarics\/\" class=\"_self\" target=\"_self\" >Hyperbarick\u00e1 komora &#8211; Aha Hyperbarics<\/a><\/h4>\n<div class=\"pt-cv-content\">Vyu\u017e\u00edv\u00e1 se p\u0159i hyperbarick\u00e9 oxygenoterapii, p\u0159i n\u00ed\u017e doch\u00e1z\u00ed k inhalaci kysl\u00edku za zv\u00fd\u0161en\u00e9ho tlaku. Hyperbarick\u00e1 komora &#8211; Aha Hyperbarics\u00ae L\u00e9ka\u0159sk\u00e9 &#8230;<\/div><\/div><\/div><\/div> <\/div> <style>\n\n#pt-cv-view-qa4ra2wb .pt-cv-meta-fields {  }#pt-cv-view-qa4ra2wb .pt-cv-meta-fields * { font-size: 13px; }#pt-cv-view-qa4ra2wb .pt-cv-thumb-wrapper:not(.miniwrap) {  }#pt-cv-view-qa4ra2wb .pt-cv-thumbnail:not(.pt-cv-thumbnailsm) { height: 250px; }#pt-cv-view-qa4ra2wb .pt-cv-title a { display: block; }#pt-cv-view-qa4ra2wb .pt-cv-title:not(.pt-cv-titlesm) a { font-weight: 600;text-decoration: none;font-size: 20px; }#pt-cv-view-qa4ra2wb .pt-cv-titlesm a { font-weight: 600;font-size: 18px; }#pt-cv-view-qa4ra2wb .pt-cv-content { font-size: 15px; }#pt-cv-view-qa4ra2wb .pt-cv-rmwrap {  }#pt-cv-view-qa4ra2wb .pt-cv-readmore { color: #fff;background-color: #0075ff;font-size: 14px; }#pt-cv-view-qa4ra2wb .pt-cv-taxoterm {  }#pt-cv-view-qa4ra2wb .pt-cv-taxoterm * { color: #222;background-color: #fff6f6;font-size: 14px; }#pt-cv-view-qa4ra2wb + .pt-cv-pagination-wrapper {  }#pt-cv-view-qa4ra2wb + .pt-cv-pagination-wrapper a { font-size: 14px; }#pt-cv-view-qa4ra2wb > .pt-cv-page {grid-template-columns: repeat(3, 1fr);grid-gap: 20px;}\n@media all and (max-width: 1024px) { \n#pt-cv-view-qa4ra2wb > .pt-cv-page {}\n} \n@media all and (max-width: 767px) { \n#pt-cv-view-qa4ra2wb > .pt-cv-page {grid-template-columns: repeat(1, 1fr);}\n} <\/style>\n\n\n<p class=\"has-text-align-center\"><strong>Let\u00e1\u010dek ke sta\u017een\u00ed<\/strong><\/p>\n\n\n\n<figure class=\"wp-block-image aligncenter\"><a href=\"https:\/\/www.mediset.cz\/obrazky\/download-prospekty\/www_mediset_cz-hyperbaricka-komora-letak.pdf\"><img decoding=\"async\" width=\"195\" height=\"277\" src=\"https:\/\/mediset.cz\/cz\/wp-content\/uploads\/2020\/06\/katalog.jpg\" alt=\"\" class=\"wp-image-159\"\/><\/a><\/figure>\n\n\n\n<p class=\"has-text-align-center\"><\/p>\n\n\n\n<p class=\"has-text-align-center\"><strong>dal\u0161\u00ed info: <\/strong> <a href=\"mailto:hyperbarics@mediset.cz?subject=Hyperbarick\u00e1 komora z webu mediset.cz\"> hyperbarics@mediset.cz<\/a><\/p>\n\n\n\n<div style=\"height:50px\" aria-hidden=\"true\" class=\"wp-block-spacer\"><\/div>\n\n\n\n<div class=\"wp-block-buttons is-content-justification-center is-layout-flex wp-container-core-buttons-is-layout-a89b3969 wp-block-buttons-is-layout-flex\">\n<div class=\"wp-block-button has-custom-width wp-block-button__width-50\"><a class=\"wp-block-button__link has-text-align-center wp-element-button\" href=\"https:\/\/mediset.cz\/cz\/info-hyperbaricka-komora\/\">Chci po\u017e\u00e1dat o v\u00edce informac\u00ed k Hyperbarick\u00e9 komo\u0159e<\/a><\/div>\n<\/div>\n\n\n\n<div style=\"height:31px\" aria-hidden=\"true\" class=\"wp-block-spacer\"><\/div>\n","protected":false},"excerpt":{"rendered":"<p>M\u00e1m z\u00e1jem o v\u00edce informac\u00ed k Hyperbarick\u00e9 komo\u0159e Kontaktn\u00ed formul\u00e1\u0159 Pros\u00edm, vypl\u0148te kontaktn\u00ed formul\u00e1\u0159 a n\u00e1\u0161 obchodn\u00ed z\u00e1stupce se s v\u00e1mi co nejd\u0159\u00edve spoj\u00ed.<\/p>\n","protected":false},"author":1,"featured_media":2171,"parent":0,"menu_order":0,"comment_status":"closed","ping_status":"closed","template":"","meta":{"site-sidebar-layout":"default","site-content-layout":"default","ast-global-header-display":"","ast-main-header-display":"","ast-hfb-above-header-display":"","ast-hfb-below-header-display":"","ast-hfb-mobile-header-display":"","site-post-title":"disabled","ast-breadcrumbs-content":"","ast-featured-img":"disabled","footer-sml-layout":"","theme-transparent-header-meta":"","adv-header-id-meta":"","stick-header-meta":"","header-above-stick-meta":"","header-main-stick-meta":"","header-below-stick-meta":"","footnotes":""},"folder":[],"class_list":["post-2314","page","type-page","status-publish","has-post-thumbnail","hentry"],"_links":{"self":[{"href":"https:\/\/mediset.cz\/cz\/wp-json\/wp\/v2\/pages\/2314","targetHints":{"allow":["GET"]}}],"collection":[{"href":"https:\/\/mediset.cz\/cz\/wp-json\/wp\/v2\/pages"}],"about":[{"href":"https:\/\/mediset.cz\/cz\/wp-json\/wp\/v2\/types\/page"}],"author":[{"embeddable":true,"href":"https:\/\/mediset.cz\/cz\/wp-json\/wp\/v2\/users\/1"}],"replies":[{"embeddable":true,"href":"https:\/\/mediset.cz\/cz\/wp-json\/wp\/v2\/comments?post=2314"}],"version-history":[{"count":2,"href":"https:\/\/mediset.cz\/cz\/wp-json\/wp\/v2\/pages\/2314\/revisions"}],"predecessor-version":[{"id":2319,"href":"https:\/\/mediset.cz\/cz\/wp-json\/wp\/v2\/pages\/2314\/revisions\/2319"}],"wp:featuredmedia":[{"embeddable":true,"href":"https:\/\/mediset.cz\/cz\/wp-json\/wp\/v2\/media\/2171"}],"wp:attachment":[{"href":"https:\/\/mediset.cz\/cz\/wp-json\/wp\/v2\/media?parent=2314"}],"wp:term":[{"taxonomy":"folder","embeddable":true,"href":"https:\/\/mediset.cz\/cz\/wp-json\/wp\/v2\/folder?post=2314"}],"curies":[{"name":"wp","href":"https:\/\/api.w.org\/{rel}","templated":true}]}}